{"id":1159,"date":"2021-03-12T16:37:20","date_gmt":"2021-03-12T19:37:20","guid":{"rendered":"https:\/\/www.dshow.com.br\/blog\/?page_id=1159"},"modified":"2021-03-12T16:44:14","modified_gmt":"2021-03-12T19:44:14","slug":"comprar-telao-de-led","status":"publish","type":"page","link":"https:\/\/www.dshow.com.br\/blog\/comprar-telao-de-led\/","title":{"rendered":"Comprar Tel\u00e3o de Led"},"content":{"rendered":"\n<p>Comprar um <a href=\"https:\/\/www.dshow.com.br\/blog\/telao-de-led\/\">Tel\u00e3o de Led<\/a> pode parecer algo complicado, mas quando se fala em comprar Tel\u00e3o de Led com a Dshow, pode ter certeza que ser\u00e1 um processo super facilitado e seguro.<br><br>Ao comprar Tel\u00e3o de Led, mais do que um equipamento, voc\u00ea garante maior poder de destaque para atrair a aten\u00e7\u00e3o do seu p\u00fablico e causar um aut\u00eantico impacto visual em seu neg\u00f3cio.<br><br>Nossos Tel\u00f5es de Led possuem:<\/p>\n\n\n\n<ol class=\"wp-block-list\"><li>Imagens em alta resolu\u00e7\u00e3o<\/li><li>Alto n\u00edvel de brilho e contraste<\/li><li>Cores intensas<\/li><li>Maior nitidez<\/li><li>Baixo consumo de energia<\/li><li>e ainda garantem um ambiente moderno e surpreendente.<\/li><\/ol>\n\n\n\n<p>Para escolher o tamanho ideal de Tel\u00e3o de Led para a sua empresa, voc\u00ea precisa levar em considera\u00e7\u00e3o o local onde o Tel\u00e3o ser\u00e1 instalado e a dist\u00e2ncia de visualiza\u00e7\u00e3o. Assim garantimos uma excelente experi\u00eancia para o seu p\u00fablico-alvo.<br>Confira algumas informa\u00e7\u00f5es importantes para a decis\u00e3o de escolha:<\/p>\n\n\n\n<ul class=\"wp-block-list\"><li>Se a dist\u00e2ncia de visualiza\u00e7\u00e3o for 2 metros, o recomendado \u00e9 o P2;<\/li><li>Se a dist\u00e2ncia de visualiza\u00e7\u00e3o for 4 metros, o recomendado \u00e9 o P4;<\/li><li>Se a dist\u00e2ncia de visualiza\u00e7\u00e3o for 6 metros, o recomendado \u00e9 o P6;<\/li><li>Se a dist\u00e2ncia de visualiza\u00e7\u00e3o for 10 metros, o recomendado \u00e9 o P10;<\/li><\/ul>\n\n\n\n<p>Quer Comprar Tel\u00e3o de Led ?<br>H\u00e1 mais de 12 anos A Dshow \u00e9 especialista em Tel\u00f5es de Led, Pain\u00e9is de Led e Videowall.<br><br>Entre em contato e solicite um or\u00e7amento ou visite o nosso showroom em S\u00e3o Paulo.<br><br>Temos estoque \u00e0 pronta entrega.<\/p>\n","protected":false},"excerpt":{"rendered":"<p>Comprar um Tel\u00e3o de Led pode parecer algo complicado, mas quando se fala em comprar Tel\u00e3o de Led com a Dshow, pode ter certeza que ser\u00e1 um processo super facilitado e seguro. Ao comprar Tel\u00e3o de Led, mais do que um equipamento, voc\u00ea garante maior poder de destaque para atrair a aten\u00e7\u00e3o do seu p\u00fablico &hellip; <\/p>\n<p class=\"read-more\"><a class=\"readmore-btn\" href=\"https:\/\/www.dshow.com.br\/blog\/comprar-telao-de-led\/\">+<span class=\"screen-reader-text\">  Read More<\/span><\/a><\/p>\n","protected":false},"author":2,"featured_media":0,"parent":0,"menu_order":0,"comment_status":"closed","ping_status":"closed","template":"","meta":{"footnotes":""},"class_list":["post-1159","page","type-page","status-publish","hentry"],"yoast_head":"<!-- This site is optimized with the Yoast SEO plugin v27.4 - https:\/\/yoast.com\/product\/yoast-seo-wordpress\/ -->\n<title>Comprar Tel\u00e3o de Led - Painel de LED<\/title>\n<meta name=\"description\" content=\"Comprar Tel\u00e3o de Led pode parecer algo complicado, mas quando se fala em comprar Tel\u00e3o de Led com a Dshow, pode ter certeza que ser\u00e1 pr\u00e1tico.\" \/>\n<meta name=\"robots\" content=\"index, follow, max-snippet:-1, max-image-preview:large, max-video-preview:-1\" \/>\n<link rel=\"canonical\" href=\"https:\/\/www.dshow.com.br\/blog\/comprar-telao-de-led\/\" \/>\n<meta property=\"og:locale\" content=\"pt_BR\" \/>\n<meta property=\"og:type\" content=\"article\" \/>\n<meta property=\"og:title\" content=\"Comprar Tel\u00e3o de Led - Painel de LED\" \/>\n<meta property=\"og:description\" content=\"Comprar Tel\u00e3o de Led pode parecer algo complicado, mas quando se fala em comprar Tel\u00e3o de Led com a Dshow, pode ter certeza que ser\u00e1 pr\u00e1tico.\" \/>\n<meta property=\"og:url\" content=\"https:\/\/www.dshow.com.br\/blog\/comprar-telao-de-led\/\" \/>\n<meta property=\"og:site_name\" content=\"Painel de LED\" \/>\n<meta property=\"article:publisher\" content=\"https:\/\/www.facebook.com\/profile.php?id=61557594246037\" \/>\n<meta property=\"article:modified_time\" content=\"2021-03-12T19:44:14+00:00\" \/>\n<meta name=\"twitter:card\" content=\"summary_large_image\" \/>\n<meta name=\"twitter:label1\" content=\"Est. tempo de leitura\" \/>\n\t<meta name=\"twitter:data1\" content=\"2 minutos\" \/>\n<script type=\"application\/ld+json\" class=\"yoast-schema-graph\">{\"@context\":\"https:\\\/\\\/schema.org\",\"@graph\":[{\"@type\":\"WebPage\",\"@id\":\"https:\\\/\\\/www.dshow.com.br\\\/blog\\\/comprar-telao-de-led\\\/\",\"url\":\"https:\\\/\\\/www.dshow.com.br\\\/blog\\\/comprar-telao-de-led\\\/\",\"name\":\"Comprar Tel\u00e3o de Led - Painel de LED\",\"isPartOf\":{\"@id\":\"https:\\\/\\\/www.dshow.com.br\\\/blog\\\/#website\"},\"datePublished\":\"2021-03-12T19:37:20+00:00\",\"dateModified\":\"2021-03-12T19:44:14+00:00\",\"description\":\"Comprar Tel\u00e3o de Led pode parecer algo complicado, mas quando se fala em comprar Tel\u00e3o de Led com a Dshow, pode ter certeza que ser\u00e1 pr\u00e1tico.\",\"breadcrumb\":{\"@id\":\"https:\\\/\\\/www.dshow.com.br\\\/blog\\\/comprar-telao-de-led\\\/#breadcrumb\"},\"inLanguage\":\"pt-BR\",\"potentialAction\":[{\"@type\":\"ReadAction\",\"target\":[\"https:\\\/\\\/www.dshow.com.br\\\/blog\\\/comprar-telao-de-led\\\/\"]}]},{\"@type\":\"BreadcrumbList\",\"@id\":\"https:\\\/\\\/www.dshow.com.br\\\/blog\\\/comprar-telao-de-led\\\/#breadcrumb\",\"itemListElement\":[{\"@type\":\"ListItem\",\"position\":1,\"name\":\"In\u00edcio\",\"item\":\"https:\\\/\\\/www.dshow.com.br\\\/blog\\\/\"},{\"@type\":\"ListItem\",\"position\":2,\"name\":\"Comprar Tel\u00e3o de Led\"}]},{\"@type\":\"WebSite\",\"@id\":\"https:\\\/\\\/www.dshow.com.br\\\/blog\\\/#website\",\"url\":\"https:\\\/\\\/www.dshow.com.br\\\/blog\\\/\",\"name\":\"Painel de LED\",\"description\":\"Especialistas em Comunica\u00e7\u00e3o Visual de Alto Impacto\",\"publisher\":{\"@id\":\"https:\\\/\\\/www.dshow.com.br\\\/blog\\\/#organization\"},\"potentialAction\":[{\"@type\":\"SearchAction\",\"target\":{\"@type\":\"EntryPoint\",\"urlTemplate\":\"https:\\\/\\\/www.dshow.com.br\\\/blog\\\/?s={search_term_string}\"},\"query-input\":{\"@type\":\"PropertyValueSpecification\",\"valueRequired\":true,\"valueName\":\"search_term_string\"}}],\"inLanguage\":\"pt-BR\"},{\"@type\":\"Organization\",\"@id\":\"https:\\\/\\\/www.dshow.com.br\\\/blog\\\/#organization\",\"name\":\"Dshow\",\"url\":\"https:\\\/\\\/www.dshow.com.br\\\/blog\\\/\",\"logo\":{\"@type\":\"ImageObject\",\"inLanguage\":\"pt-BR\",\"@id\":\"https:\\\/\\\/www.dshow.com.br\\\/blog\\\/#\\\/schema\\\/logo\\\/image\\\/\",\"url\":\"https:\\\/\\\/www.dshow.com.br\\\/blog\\\/wp-content\\\/uploads\\\/2020\\\/01\\\/cropped-dshow_oficial_baixa_rgb.png\",\"contentUrl\":\"https:\\\/\\\/www.dshow.com.br\\\/blog\\\/wp-content\\\/uploads\\\/2020\\\/01\\\/cropped-dshow_oficial_baixa_rgb.png\",\"width\":250,\"height\":89,\"caption\":\"Dshow\"},\"image\":{\"@id\":\"https:\\\/\\\/www.dshow.com.br\\\/blog\\\/#\\\/schema\\\/logo\\\/image\\\/\"},\"sameAs\":[\"https:\\\/\\\/www.facebook.com\\\/profile.php?id=61557594246037\",\"https:\\\/\\\/www.instagram.com\\\/dshow.oficial\\\/\"]}]}<\/script>\n<!-- \/ Yoast SEO plugin. -->","yoast_head_json":{"title":"Comprar Tel\u00e3o de Led - Painel de LED","description":"Comprar Tel\u00e3o de Led pode parecer algo complicado, mas quando se fala em comprar Tel\u00e3o de Led com a Dshow, pode ter certeza que ser\u00e1 pr\u00e1tico.","robots":{"index":"index","follow":"follow","max-snippet":"max-snippet:-1","max-image-preview":"max-image-preview:large","max-video-preview":"max-video-preview:-1"},"canonical":"https:\/\/www.dshow.com.br\/blog\/comprar-telao-de-led\/","og_locale":"pt_BR","og_type":"article","og_title":"Comprar Tel\u00e3o de Led - Painel de LED","og_description":"Comprar Tel\u00e3o de Led pode parecer algo complicado, mas quando se fala em comprar Tel\u00e3o de Led com a Dshow, pode ter certeza que ser\u00e1 pr\u00e1tico.","og_url":"https:\/\/www.dshow.com.br\/blog\/comprar-telao-de-led\/","og_site_name":"Painel de LED","article_publisher":"https:\/\/www.facebook.com\/profile.php?id=61557594246037","article_modified_time":"2021-03-12T19:44:14+00:00","twitter_card":"summary_large_image","twitter_misc":{"Est. tempo de leitura":"2 minutos"},"schema":{"@context":"https:\/\/schema.org","@graph":[{"@type":"WebPage","@id":"https:\/\/www.dshow.com.br\/blog\/comprar-telao-de-led\/","url":"https:\/\/www.dshow.com.br\/blog\/comprar-telao-de-led\/","name":"Comprar Tel\u00e3o de Led - Painel de LED","isPartOf":{"@id":"https:\/\/www.dshow.com.br\/blog\/#website"},"datePublished":"2021-03-12T19:37:20+00:00","dateModified":"2021-03-12T19:44:14+00:00","description":"Comprar Tel\u00e3o de Led pode parecer algo complicado, mas quando se fala em comprar Tel\u00e3o de Led com a Dshow, pode ter certeza que ser\u00e1 pr\u00e1tico.","breadcrumb":{"@id":"https:\/\/www.dshow.com.br\/blog\/comprar-telao-de-led\/#breadcrumb"},"inLanguage":"pt-BR","potentialAction":[{"@type":"ReadAction","target":["https:\/\/www.dshow.com.br\/blog\/comprar-telao-de-led\/"]}]},{"@type":"BreadcrumbList","@id":"https:\/\/www.dshow.com.br\/blog\/comprar-telao-de-led\/#breadcrumb","itemListElement":[{"@type":"ListItem","position":1,"name":"In\u00edcio","item":"https:\/\/www.dshow.com.br\/blog\/"},{"@type":"ListItem","position":2,"name":"Comprar Tel\u00e3o de Led"}]},{"@type":"WebSite","@id":"https:\/\/www.dshow.com.br\/blog\/#website","url":"https:\/\/www.dshow.com.br\/blog\/","name":"Painel de LED","description":"Especialistas em Comunica\u00e7\u00e3o Visual de Alto Impacto","publisher":{"@id":"https:\/\/www.dshow.com.br\/blog\/#organization"},"potentialAction":[{"@type":"SearchAction","target":{"@type":"EntryPoint","urlTemplate":"https:\/\/www.dshow.com.br\/blog\/?s={search_term_string}"},"query-input":{"@type":"PropertyValueSpecification","valueRequired":true,"valueName":"search_term_string"}}],"inLanguage":"pt-BR"},{"@type":"Organization","@id":"https:\/\/www.dshow.com.br\/blog\/#organization","name":"Dshow","url":"https:\/\/www.dshow.com.br\/blog\/","logo":{"@type":"ImageObject","inLanguage":"pt-BR","@id":"https:\/\/www.dshow.com.br\/blog\/#\/schema\/logo\/image\/","url":"https:\/\/www.dshow.com.br\/blog\/wp-content\/uploads\/2020\/01\/cropped-dshow_oficial_baixa_rgb.png","contentUrl":"https:\/\/www.dshow.com.br\/blog\/wp-content\/uploads\/2020\/01\/cropped-dshow_oficial_baixa_rgb.png","width":250,"height":89,"caption":"Dshow"},"image":{"@id":"https:\/\/www.dshow.com.br\/blog\/#\/schema\/logo\/image\/"},"sameAs":["https:\/\/www.facebook.com\/profile.php?id=61557594246037","https:\/\/www.instagram.com\/dshow.oficial\/"]}]}},"_links":{"self":[{"href":"https:\/\/www.dshow.com.br\/blog\/wp-json\/wp\/v2\/pages\/1159","targetHints":{"allow":["GET"]}}],"collection":[{"href":"https:\/\/www.dshow.com.br\/blog\/wp-json\/wp\/v2\/pages"}],"about":[{"href":"https:\/\/www.dshow.com.br\/blog\/wp-json\/wp\/v2\/types\/page"}],"author":[{"embeddable":true,"href":"https:\/\/www.dshow.com.br\/blog\/wp-json\/wp\/v2\/users\/2"}],"replies":[{"embeddable":true,"href":"https:\/\/www.dshow.com.br\/blog\/wp-json\/wp\/v2\/comments?post=1159"}],"version-history":[{"count":2,"href":"https:\/\/www.dshow.com.br\/blog\/wp-json\/wp\/v2\/pages\/1159\/revisions"}],"predecessor-version":[{"id":1165,"href":"https:\/\/www.dshow.com.br\/blog\/wp-json\/wp\/v2\/pages\/1159\/revisions\/1165"}],"wp:attachment":[{"href":"https:\/\/www.dshow.com.br\/blog\/wp-json\/wp\/v2\/media?parent=1159"}],"curies":[{"name":"wp","href":"https:\/\/api.w.org\/{rel}","templated":true}]}}